{"id":22854,"date":"2014-12-11T12:09:32","date_gmt":"2014-12-11T11:09:32","guid":{"rendered":"https:\/\/barockundklassik.com\/startseite\/"},"modified":"2025-08-01T21:41:55","modified_gmt":"2025-08-01T19:41:55","slug":"startseite","status":"publish","type":"page","link":"https:\/\/barockundklassik.com\/es\/","title":{"rendered":"Inicio"},"content":{"rendered":"<div class=\"wpb-content-wrapper\"><p>[vc_row css=&#8221;.vc_custom_1449957168822{padding-bottom: 8px !important;background-color: #222222 !important;}&#8221; font_color=&#8221;#ffffff&#8221;][vc_column][vc_custom_heading text=&#8221;\u00abNuestro caballos cambian sus vida!\u00bb&#8221; font_container=&#8221;tag:h1|font_size:27|text_align:center|color:%23b89f5c|line_height:35px&#8221; use_theme_fonts=&#8221;yes&#8221; el_class=&#8221;text space&#8221;][\/vc_column][\/vc_row][vc_row row_type=&#8221;full&#8221; css=&#8221;.vc_custom_1447926461023{background-color: #ffffff !important;}&#8221;][vc_column][vc_separator sepopt=&#8221;shape&#8221; sepshape=&#8221;triangle&#8221; shapecolb=&#8221;#ffffff&#8221; shapecol=&#8221;#222222&#8243;][\/vc_column][\/vc_row][vc_row css=&#8221;.vc_custom_1447109181043{padding-bottom: 15px !important;}&#8221;][vc_column][vc_column_text css_animation=&#8221;bottom-to-top&#8221; css=&#8221;.vc_custom_1740919646845{padding-top: 10px !important;padding-bottom: 10px !important;}&#8221;]<\/p>\n<h3 style=\"text-align: center;\">Barock Meets Classic Service<\/h3>\n<p>[\/vc_column_text][vc_text_separator title=&#8221;Anja Rietbrock&#8221; color=&#8221;black&#8221; style=&#8221;double&#8221; el_width=&#8221;20&#8243;][vc_empty_space height=&#8221;30px&#8221;][vc_column_text css_animation=&#8221;left-to-right&#8221; css=&#8221;.vc_custom_1744975593618{padding-bottom: 15px !important;}&#8221;]<\/p>\n<p style=\"text-align: center;\"><em>\u00a0<\/em><em>Con nosotros encontrar\u00e1s tu futuro caballo de doma. Nuestros ib\u00e9ricos para la doma exigente y una sesi\u00f3n c\u00f3moda con aspiraciones hasta las lecciones del Gran Premio.<\/em><\/p>\n<p>[\/vc_column_text][\/vc_column][\/vc_row][vc_row css=&#8221;.vc_custom_1448280705221{padding-bottom: 65px !important;}&#8221;][vc_column width=&#8221;1\/3&#8243; offset=&#8221;vc_col-md-offset-0 vc_col-sm-offset-0&#8243;][horseclub_service_box sertitle=&#8221;Barock Meets Classic&#8221; servlink=&#8221;https:\/\/barockundklassik.com\/es\/caballos-rietbrock\/&#8221; serdes=&#8221;Datos interesantes &#8211; Sobre nosotros &#8211; Alojamiento de caballos &#8211; Entrenamientos &#8211; Cursos &#8211; Clases&#8230; y mucho m\u00e1s&#8221; servimg=&#8221;21620&#8243;][\/vc_column][vc_column width=&#8221;1\/3&#8243; offset=&#8221;vc_col-md-offset-0&#8243;][horseclub_service_box sertitle=&#8221;Venta y comercializaci\u00f3n de su caballo.&#8221; serdes=&#8221;Ofrecemos una selecci\u00f3n permanente de caballos de alta calidad a la venta&#8221; servimg=&#8221;22235&#8243; servlink=&#8221;https:\/\/barockundklassik.com\/es\/caballos-en-venta\/&#8221;][\/vc_column][vc_column width=&#8221;1\/3&#8243;][horseclub_service_box sertitle=&#8221;\u00daltimas noticias&#8221; serdes=&#8221;Aqu\u00ed encontrar\u00e1 las \u00faltimas noticias y comunicados de prensa.&#8221; servimg=&#8221;22244&#8243; servlink=&#8221;https:\/\/barockundklassik.com\/es\/blog\/&#8221;][\/vc_column][\/vc_row][vc_row][vc_column width=&#8221;1\/3&#8243;][horseclub_service_box sertitle=&#8221;Eventos &#8211; Talleres&#8221; serdes=&#8221;Inf\u00f3rmese sobre los eventos actuales y pr\u00f3ximos.&#8221; servimg=&#8221;22253&#8243; servlink=&#8221;https:\/\/barockundklassik.com\/events\/&#8221;][\/vc_column][vc_column width=&#8221;1\/3&#8243;][horseclub_service_box sertitle=&#8221;tienda online&#8221; serdes=&#8221;En nuestra tienda online encontrar\u00e1s todo lo necesario para equipar completamente a tu caballo: mantas, mantillas y sudaderos, cabezadas y ramales, protectores de patas y cascos, sillas de montar y accesorios.&#8221; servimg=&#8221;22259&#8243; servlink=&#8221;https:\/\/barockundklassik.com\/es\/shop\/&#8221;][\/vc_column][vc_column width=&#8221;1\/3&#8243;][horseclub_service_box sertitle=&#8221;Formaci\u00f3n y cursos&#8221; serdes=&#8221;Entrenamiento Desde caballos ib\u00e9ricos hasta caballos de doma y salto, pasando por presentaciones en torneos y campeonatos de Gran Premio, cl\u00ednicas de doma y salto a intervalos regulares.&#8221; servimg=&#8221;23653&#8243; servlink=&#8221;https:\/\/barockundklassik.com\/ausbildung-lehrgaenge\/&#8221;][\/vc_column][\/vc_row][vc_row][vc_column][vc_empty_space height=&#8221;50px&#8221;][\/vc_column][\/vc_row][vc_row equal_height=&#8221;yes&#8221; row_type=&#8221;parallax&#8221; koko=&#8221;300&#8243; p_bg_image=&#8221;5022&#8243;][vc_column width=&#8221;1\/2&#8243; css=&#8221;.vc_custom_1480285121637{background-color: rgba(34,34,34,0.2) !important;*background-color: rgb(34,34,34) !important;}&#8221;][vc_empty_space height=&#8221;35px&#8221;][vc_column_text]<\/p>\n<h3 style=\"text-align: center;\"><span style=\"color: #b89f5c;\">CABALLOS CON CALIDAD, CORAZ\u00d3N Y PERSPECTIVA<\/span><\/h3>\n<p>[\/vc_column_text][vc_column_text css=&#8221;.vc_custom_1754070489391{padding-top: 20px !important;}&#8221;]<\/p>\n<p style=\"text-align: center;\">Aqu\u00ed encontrar\u00e1 caballos y ponis cuidadosamente seleccionados de diversas razas -incluidos warmbloods, PRE Pura Raza Espa\u00f1ola, Lusitanos y otros- para doma cl\u00e1sica, salto de obst\u00e1culos y el sector de ocio superior.<\/p>\n<p>[\/vc_column_text][vc_empty_space height=&#8221;30px&#8221;][vc_button color=&#8221;up_btn-d&#8221; align=&#8221;center&#8221; title=&#8221;Learn More&#8221; href=&#8221;https:\/\/barockundklassik.com\/verkaufspferde\/&#8221;][vc_empty_space height=&#8221;43px&#8221;][\/vc_column][vc_column width=&#8221;1\/2&#8243;][vc_empty_space height=&#8221;43px&#8221;][vc_single_image image=&#8221;5015&#8243; img_size=&#8221;80&#215;74&#8243; alignment=&#8221;center&#8221; css_animation=&#8221;bottom-to-top&#8221;][vc_column_text]<\/p>\n<h3 style=\"text-align: center;\"><span style=\"color: #b89f5c;\">CONT\u00c1CTENOS POR WHATSAPP<\/span><\/h3>\n<p>[\/vc_column_text][vc_column_text]<\/p>\n<p style=\"text-align: center;\"><span style=\"color: #c5c5c5;\"><a href=\"https:\/\/wa.me\/491722420434?text=Hallo%2C%20ich%20h%C3%A4tte%20eine%20Frage%20an%20Barockmeetsclassic.com\" target=\"_blank\" rel=\"noopener\"><img loading=\"lazy\" decoding=\"async\" class=\"alignnone wp-image-29631\" src=\"https:\/\/barockundklassik.com\/wp-content\/uploads\/2025\/08\/canvas.png\" alt=\"QR Code um direkt mit Barockmeetsclassic.com \u00fcber WhatsApp in Kontakt zu treten\" width=\"120\" height=\"120\" title=\"\" srcset=\"https:\/\/barockundklassik.com\/wp-content\/uploads\/2025\/08\/canvas.png 196w, https:\/\/barockundklassik.com\/wp-content\/uploads\/2025\/08\/canvas-100x100.png 100w\" sizes=\"auto, (max-width: 120px) 100vw, 120px\" \/><\/a><\/span><\/p>\n<p>[\/vc_column_text][vc_empty_space height=&#8221;10&#8243;][\/vc_column][\/vc_row][vc_row css=&#8221;.vc_custom_1448295355291{padding-top: 15px !important;padding-bottom: 15px !important;background-color: #f7f7f7 !important;}&#8221;][vc_column][vc_column_text css_animation=&#8221;bottom-to-top&#8221; css=&#8221;.vc_custom_1744976170175{padding-bottom: 10px !important;}&#8221;]<\/p>\n<h3 style=\"text-align: center;\"><span class=\"HwtZe\" lang=\"es\"><span class=\"jCAhz ChMk0b\"><span class=\"ryNqvb\">\u00daLTIMAS NOTICIAS de BarrockMeetsClassic<\/span><\/span><\/span><\/h3>\n<p>[\/vc_column_text][vc_text_separator title=&#8221;Anja Rietbrock&#8221; color=&#8221;black&#8221; style=&#8221;double&#8221; el_width=&#8221;20&#8243;][vc_empty_space height=&#8221;70&#8243;][horseclub_latest_post postperpage=&#8221;4&#8243;][\/vc_column][\/vc_row][vc_row css=&#8221;.vc_custom_1447927640021{background-color: #222222 !important;}&#8221;][vc_column][vc_empty_space][vc_text_separator title=&#8221;Anja Rietbrock&#8221; color=&#8221;chino&#8221; style=&#8221;double&#8221;][vc_column_text]<\/p>\n<h3 style=\"text-align: center;\"><span style=\"color: #b89f5c;\"><em><span class=\"BxUVEf ILfuVd\" lang=\"de\"><span class=\"hgKElc\">~<\/span><\/span> <span class=\"BxUVEf ILfuVd\" lang=\"de\"><span class=\"hgKElc\">~<\/span><\/span><\/em> CONOZCA NUESTROS CABALLOS <em><span class=\"BxUVEf ILfuVd\" lang=\"de\"><span class=\"hgKElc\">~<\/span><\/span> <span class=\"BxUVEf ILfuVd\" lang=\"de\"><span class=\"hgKElc\">~<\/span><\/span><\/em><\/span><\/h3>\n<p>[\/vc_column_text][vc_empty_space][horseclub_grid_portofoliio porcol=&#8221;3&#8243; gpbtn=&#8221;gfno&#8221; perpage=&#8221;6&#8243;][vc_empty_space height=&#8221;50px&#8221;][\/vc_column][\/vc_row][vc_row row_type=&#8221;full&#8221; css=&#8221;.vc_custom_1447926461023{background-color: #ffffff !important;}&#8221;][vc_column][vc_separator sepopt=&#8221;shape&#8221; sepshape=&#8221;triangle&#8221; shapecolb=&#8221;#ffffff&#8221; shapecol=&#8221;#222222&#8243;][\/vc_column][\/vc_row]<\/p>\n<\/div>","protected":false},"excerpt":{"rendered":"<p>[vc_row css=&#8221;.vc_custom_1449957168822{padding-bottom: 8px !important;background-color: #222222 !important;}&#8221; font_color=&#8221;#ffffff&#8221;][vc_column][vc_custom_heading text=&#8221;\u00abNuestro caballos cambian sus vida!\u00bb&#8221; font_container=&#8221;tag:h1|font_size:27|text_align:center|color:%23b89f5c|line_height:35px&#8221; use_theme_fonts=&#8221;yes&#8221; el_class=&#8221;text space&#8221;][\/vc_column][\/vc_row][vc_row row_type=&#8221;full&#8221; css=&#8221;.vc_custom_1447926461023{background-color: #ffffff !important;}&#8221;][vc_column][vc_separator sepopt=&#8221;shape&#8221; sepshape=&#8221;triangle&#8221; shapecolb=&#8221;#ffffff&#8221; shapecol=&#8221;#222222&#8243;][\/vc_column][\/vc_row][vc_row css=&#8221;.vc_custom_1447109181043{padding-bottom: 15px !important;}&#8221;][vc_column][vc_column_text css_animation=&#8221;bottom-to-top&#8221; css=&#8221;.vc_custom_1740919646845{padding-top: 10px !important;padding-bottom: 10px !important;}&#8221;] Barock Meets Classic Service [\/vc_column_text][vc_text_separator title=&#8221;Anja Rietbrock&#8221; color=&#8221;black&#8221; style=&#8221;double&#8221; el_width=&#8221;20&#8243;][vc_empty_space height=&#8221;30px&#8221;][vc_column_text css_animation=&#8221;left-to-right&#8221; css=&#8221;.vc_custom_1744975593618{padding-bottom: 15px !important;}&#8221;] \u00a0Con nosotros encontrar\u00e1s tu futuro caballo de doma. Nuestros ib\u00e9ricos para la doma exigente y una sesi\u00f3n c\u00f3moda con aspiraciones hasta las lecciones del Gran Premio. [\/vc_column_text][\/vc_column][\/vc_row][vc_row css=&#8221;.vc_custom_1448280705221{padding-bottom: 65px !important;}&#8221;][vc_column width=&#8221;1\/3&#8243; offset=&#8221;vc_col-md-offset-0 vc_col-sm-offset-0&#8243;][horseclub_service_box sertitle=&#8221;Barock Meets Classic&#8221; servlink=&#8221;https:\/\/barockundklassik.com\/es\/caballos-rietbrock\/&#8221; serdes=&#8221;Datos interesantes &#8211; Sobre nosotros &#8211; Alojamiento de caballos &#8211; Entrenamientos &#8211; Cursos &#8211; Clases&#8230; &hellip; <a href=\"https:\/\/barockundklassik.com\/es\/\">Continued<\/a><\/p>\n","protected":false},"author":1,"featured_media":0,"parent":0,"menu_order":0,"comment_status":"closed","ping_status":"closed","template":"page-fullwidth.php","meta":{"footnotes":""},"class_list":["post-22854","page","type-page","status-publish","hentry"],"_links":{"self":[{"href":"https:\/\/barockundklassik.com\/es\/wp-json\/wp\/v2\/pages\/22854","targetHints":{"allow":["GET"]}}],"collection":[{"href":"https:\/\/barockundklassik.com\/es\/wp-json\/wp\/v2\/pages"}],"about":[{"href":"https:\/\/barockundklassik.com\/es\/wp-json\/wp\/v2\/types\/page"}],"author":[{"embeddable":true,"href":"https:\/\/barockundklassik.com\/es\/wp-json\/wp\/v2\/users\/1"}],"replies":[{"embeddable":true,"href":"https:\/\/barockundklassik.com\/es\/wp-json\/wp\/v2\/comments?post=22854"}],"version-history":[{"count":3,"href":"https:\/\/barockundklassik.com\/es\/wp-json\/wp\/v2\/pages\/22854\/revisions"}],"predecessor-version":[{"id":29636,"href":"https:\/\/barockundklassik.com\/es\/wp-json\/wp\/v2\/pages\/22854\/revisions\/29636"}],"wp:attachment":[{"href":"https:\/\/barockundklassik.com\/es\/wp-json\/wp\/v2\/media?parent=22854"}],"curies":[{"name":"wp","href":"https:\/\/api.w.org\/{rel}","templated":true}]}}