{"id":23918,"date":"2025-04-21T20:38:00","date_gmt":"2025-04-21T18:38:00","guid":{"rendered":"https:\/\/barockundklassik.com\/pferde-pension\/"},"modified":"2025-06-21T16:57:54","modified_gmt":"2025-06-21T14:57:54","slug":"pupilaje","status":"publish","type":"page","link":"https:\/\/barockundklassik.com\/es\/pupilaje\/","title":{"rendered":"Pupilaje"},"content":{"rendered":"<div class=\"wpb-content-wrapper\"><p>[vc_row][vc_column][vc_empty_space height=&#8221;50px&#8221;][\/vc_column][\/vc_row][vc_row css=&#8221;.vc_custom_1448527800079{padding-top: 40px !important;padding-bottom: 40px !important;}&#8221;][vc_column width=&#8221;1\/4&#8243;][vc_empty_space][vc_single_image image=&#8221;23167&#8243; img_size=&#8221;500&#215;338&#8243; style=&#8221;vc_box_shadow_circle_2&#8243; onclick=&#8221;custom_link&#8221; link=&#8221;https:\/\/barockundklassik.com\/kontakt\/&#8221;][vc_empty_space][vc_column_text]<\/p>\n<p style=\"text-align: center;\"><em><span class=\"BxUVEf ILfuVd\" lang=\"de\"><span class=\"hgKElc\">~<\/span><\/span> <span class=\"BxUVEf ILfuVd\" lang=\"de\"><span class=\"hgKElc\">~<\/span><\/span> Barock Meets Classic <span class=\"BxUVEf ILfuVd\" lang=\"de\"><span class=\"hgKElc\">~<\/span><\/span> <span class=\"BxUVEf ILfuVd\" lang=\"de\"><span class=\"hgKElc\">~<\/span><\/span><\/em><\/p>\n<p>[\/vc_column_text][\/vc_column][vc_column width=&#8221;3\/4&#8243;][vc_column_text]<\/p>\n<h2 style=\"text-align: center;\"><em><span class=\"BxUVEf ILfuVd\" lang=\"de\"><span class=\"hgKElc\">~<\/span><\/span> <span class=\"BxUVEf ILfuVd\" lang=\"de\"><span class=\"hgKElc\">~<\/span><\/span><\/em> PUPILAJE <em><span class=\"BxUVEf ILfuVd\" lang=\"de\"><span class=\"hgKElc\">~<\/span><\/span> <span class=\"BxUVEf ILfuVd\" lang=\"de\"><span class=\"hgKElc\">~<\/span><\/span><\/em><\/h2>\n<p>[\/vc_column_text][vc_empty_space][vc_column_text]<\/p>\n<ul>\n<li><strong>Cuadras con paddock, ventanas y <\/strong><\/li>\n<li><strong>Pastoreo diario disponible en, en invierno hay potreros de arena disponibles<\/strong><\/li>\n<li><strong>Cuadras solo con techo, si lo desea con pastoreo durante todo el d\u00eda en verano<\/strong><\/li>\n<\/ul>\n<p>[\/vc_column_text][vc_empty_space][vc_column_text]<strong>En nuestras instalaciones de equitaci\u00f3n ofrecemos regularmente alquiler gratuito de paddocks, boxes de ventana o interiores. Ofrecemos pastoreo diario en verano, potreros de arena para hacer ejercicio en invierno y, si se desea y hay capacidad disponible, establos abiertos con pastoreo durante todo el d\u00eda. Esperamos darle la bienvenida a usted y a su caballo a nuestro negocio familiar.<\/strong>[\/vc_column_text][vc_empty_space][vc_column_text]<em><strong>Dado que lamentablemente siempre tenemos plazas muy limitadas disponibles, te recomendamos que te pongas en contacto con nosotros para que podamos a\u00f1adirte a nuestra lista de espera.\u00a0<\/strong> <\/em>[\/vc_column_text][\/vc_column][\/vc_row][vc_row row_type=&#8221;full&#8221;][vc_column][vc_separator sepopt=&#8221;shape&#8221; sepshape=&#8221;tiltl&#8221; shapecol=&#8221;#f5f5f5&#8243; shapecolb=&#8221;#ffffff&#8221;][\/vc_column][\/vc_row][vc_row css=&#8221;.vc_custom_1447152576654{padding-bottom: 50px !important;background-color: #f5f5f5 !important;}&#8221;][vc_column][vc_column_text]<\/p>\n<h2 style=\"text-align: center;\">~ ~ CUADRA DE DOMA Y ENTRENAMIENTO ~ ~<\/h2>\n<p>[\/vc_column_text][\/vc_column][\/vc_row][vc_row css=&#8221;.vc_custom_1415877943066{padding-bottom: 40px !important;background-color: #f5f5f5 !important;}&#8221;][vc_column width=&#8221;1\/2&#8243;][vc_single_image image=&#8221;23298&#8243; img_size=&#8221;medium&#8221;][\/vc_column][vc_column width=&#8221;1\/2&#8243;][vc_column_text]<\/p>\n<h4>NUESTRAS INSTALACIONES<\/h4>\n<p><strong>Nuestras instalaciones de equitaci\u00f3n bien mantenidas est\u00e1n ubicadas en el coraz\u00f3n de la naturaleza, rodeadas de hermosos \u00e1rboles y plantas, y ofrecen las mejores condiciones tanto para jinetes competitivos como recreativos. \u00a1Los caballos y los jinetes se sienten como en casa con nosotros!<\/strong><\/p>\n<ul>\n<li>Pista de doma Pista de doma al aire libre 20 x 60 m<\/li>\n<li>Arena de salto &#8230;&#8230;&#8230;&#8230;<\/li>\n<li>Sala de equitaci\u00f3n y sala de trote &#8230;..<\/li>\n<li>Establo de embarque &#8230;..<\/li>\n<li>Sauces&#8230;..<\/li>\n<\/ul>\n<p>[\/vc_column_text][\/vc_column][\/vc_row][vc_row css=&#8221;.vc_custom_1415877943066{padding-bottom: 40px !important;background-color: #f5f5f5 !important;}&#8221;][vc_column][vc_text_separator title=&#8221;Barock Meets Classic&#8221; i_color=&#8221;black&#8221; add_icon=&#8221;true&#8221;][\/vc_column][\/vc_row][vc_row css=&#8221;.vc_custom_1415877943066{padding-bottom: 40px !important;background-color: #f5f5f5 !important;}&#8221;][vc_column width=&#8221;1\/2&#8243;][vc_column_text]<\/p>\n<h4>PISTA PARA DOMA CLASSICA<\/h4>\n<p><strong>Pista de doma al aire libre de 20 x 60 m &#8211; Enmarcada id\u00edlicamente por la naturaleza con \u00e1rboles y plantas.<\/strong>[\/vc_column_text][vc_empty_space][vc_gallery interval=&#8221;3&#8243; images=&#8221;23318,23321,23324,23327&#8243; img_size=&#8221;medium&#8221;][\/vc_column][vc_column width=&#8221;1\/2&#8243;][vc_column_text]<\/p>\n<h4>PISTA DE SALTO<\/h4>\n<p><strong>Se encuentran disponibles obst\u00e1culos y algunos saltos de fondo para que los caballos de salto puedan ser entrenados y trabajados en consecuencia.<\/strong>[\/vc_column_text][vc_empty_space][vc_gallery interval=&#8221;3&#8243; images=&#8221;23371,23374,23377&#8243; img_size=&#8221;medium&#8221;][\/vc_column][\/vc_row][vc_row css=&#8221;.vc_custom_1415877943066{padding-bottom: 40px !important;background-color: #f5f5f5 !important;}&#8221;][vc_column][vc_text_separator title=&#8221;Barock Meets Classic&#8221; i_color=&#8221;black&#8221; add_icon=&#8221;true&#8221;][\/vc_column][\/vc_row][vc_row css=&#8221;.vc_custom_1415877943066{padding-bottom: 40px !important;background-color: #f5f5f5 !important;}&#8221;][vc_column width=&#8221;1\/2&#8243;][vc_column_text]<\/p>\n<h4>SALA DE EQUITACI\u00f3N<\/h4>\n<p><strong>Disponemos de un picadero de 20x60m y de un picadero de cuerda. La pista de cuerda tambi\u00e9n es ideal para caballos j\u00f3venes sin ser molestados y para trabajo en el suelo.<\/strong>[\/vc_column_text][vc_empty_space][vc_gallery interval=&#8221;3&#8243; images=&#8221;23383,23386&#8243; img_size=&#8221;medium&#8221;][\/vc_column][vc_column width=&#8221;1\/2&#8243;][vc_column_text]<\/p>\n<h4>PUPILAJE:<\/h4>\n<p><strong>Siempre hay cajas de embarque disponibles. Existen boxes espaciosos al aire libre o boxes de paddock. Alimentamos caballos de diferentes razas y necesidades de forma individualizada y con d\u00e9cadas de experiencia. I<\/strong>[\/vc_column_text][vc_empty_space][vc_gallery interval=&#8221;3&#8243; images=&#8221;23392,23395,23398,23401&#8243; img_size=&#8221;medium&#8221;][\/vc_column][\/vc_row][vc_row css=&#8221;.vc_custom_1415877943066{padding-bottom: 40px !important;background-color: #f5f5f5 !important;}&#8221;][vc_column][vc_text_separator title=&#8221;Barock Meets Classic&#8221; i_color=&#8221;black&#8221; add_icon=&#8221;true&#8221;][\/vc_column][\/vc_row][vc_row css=&#8221;.vc_custom_1415877943066{padding-bottom: 40px !important;background-color: #f5f5f5 !important;}&#8221;][vc_column width=&#8221;1\/2&#8243;][vc_column_text]<\/p>\n<h4>PASTOS<\/h4>\n<p><strong>Ofrecemos varios pastos para el verano y paddocks de arena para la estaci\u00f3n h\u00fameda..<br \/>\n<\/strong>[\/vc_column_text][vc_empty_space][vc_gallery interval=&#8221;3&#8243; images=&#8221;23406,23409,23412&#8243; img_size=&#8221;medium&#8221;][\/vc_column][vc_column width=&#8221;1\/2&#8243;][vc_column_text]<\/p>\n<h4>WORKING EQUITATION<\/h4>\n<p><strong>Para la Equitaci\u00f3n de Trabajo ofrecemos opciones de entrenamiento adecuadas: Puente, barril, puerta, calle de campana, toro, salto de ring.<\/strong>[\/vc_column_text][vc_empty_space][vc_gallery interval=&#8221;3&#8243; images=&#8221;23795,23798,23801&#8243; img_size=&#8221;medium&#8221;][\/vc_column][\/vc_row][vc_row css=&#8221;.vc_custom_1415877943066{padding-bottom: 40px !important;background-color: #f5f5f5 !important;}&#8221;][vc_column][vc_text_separator title=&#8221;Barock Meets Classic&#8221; i_color=&#8221;black&#8221; add_icon=&#8221;true&#8221;][\/vc_column][\/vc_row][vc_row row_type=&#8221;full&#8221;][vc_column][vc_separator sepopt=&#8221;shape&#8221; sepshape=&#8221;trianglex&#8221; shapecol=&#8221;#f5f5f5&#8243; shapecolb=&#8221;#222222&#8243;][\/vc_column][\/vc_row][vc_row css=&#8221;.vc_custom_1448459579333{padding-bottom: 50px !important;background-color: #222222 !important;}&#8221;][vc_column][vc_column_text]<\/p>\n<h2 style=\"text-align: center;\"><span style=\"color: #ffffff;\">~ ~ NUESTROS NUEVOS LLEGADOS ~ ~<\/span><\/h2>\n<p>[\/vc_column_text][\/vc_column][\/vc_row][vc_row css=&#8221;.vc_custom_1448459601371{padding-bottom: 60px !important;background-color: #222222 !important;}&#8221;][vc_column][horseclub_grid_portofoliio porcol=&#8221;4wide&#8221; gpbtn=&#8221;gfno&#8221; perpage=&#8221;4&#8243;][vc_empty_space][\/vc_column][\/vc_row][vc_row row_type=&#8221;full&#8221;][vc_column][vc_separator sepopt=&#8221;shape&#8221; sepshape=&#8221;triangle&#8221; shapecol=&#8221;#222222&#8243; shapecolb=&#8221;#f5f5f5&#8243;][\/vc_column][\/vc_row][vc_row css=&#8221;.vc_custom_1419510745496{padding-top: 50px !important;padding-bottom: 30px !important;background-color: #f5f5f5 !important;}&#8221;][vc_column width=&#8221;1\/2&#8243;][vc_column_text]<\/p>\n<h2 style=\"text-align: center;\">CONTACT US<\/h2>\n<p>[\/vc_column_text][vc_column_text css=&#8221;.vc_custom_1745837701037{padding-top: 10px !important;padding-bottom: 30px !important;}&#8221;]<\/p>\n<h3 style=\"text-align: center;\">An der Weide 41 &#8211; 27367 Sottrum &#8211; Alemania<\/h3>\n<h3 style=\"text-align: center;\">+49 172 242 0434<\/h3>\n<p>[\/vc_column_text][\/vc_column][vc_column width=&#8221;1\/2&#8243;][vc_hoverbox image=&#8221;23298&#8243; hover_title=&#8221;~ ~ Barock Meets Classic ~ ~&#8221; hover_btn_title=&#8221;Kontakt Formular&#8221; hover_add_button=&#8221;true&#8221; hover_btn_link=&#8221;url:https%3A%2F%2Fbarockundklassik.com%2Fkontakt%2F|title:Kontakt&#8221;]Falls wir Ihr Interesse wecken konnten, freuen wir uns \u00fcber Ihre Nachricht. Nutzen Sie hierf\u00fcr gerne unser Kontaktformular.<\/p>\n<p>[\/vc_hoverbox][\/vc_column][\/vc_row][vc_row row_type=&#8221;full&#8221;][vc_column][vc_separator sepopt=&#8221;shape&#8221; sepshape=&#8221;trianglex&#8221; shapecol=&#8221;#f5f5f5&#8243; shapecolb=&#8221;#000000&#8243;][\/vc_column][\/vc_row]<\/p>\n<\/div>","protected":false},"excerpt":{"rendered":"<p>[vc_row][vc_column][vc_empty_space height=&#8221;50px&#8221;][\/vc_column][\/vc_row][vc_row css=&#8221;.vc_custom_1448527800079{padding-top: 40px !important;padding-bottom: 40px !important;}&#8221;][vc_column width=&#8221;1\/4&#8243;][vc_empty_space][vc_single_image image=&#8221;23167&#8243; img_size=&#8221;500&#215;338&#8243; style=&#8221;vc_box_shadow_circle_2&#8243; onclick=&#8221;custom_link&#8221; link=&#8221;https:\/\/barockundklassik.com\/kontakt\/&#8221;][vc_empty_space][vc_column_text] ~ ~ Barock Meets Classic ~ ~ [\/vc_column_text][\/vc_column][vc_column width=&#8221;3\/4&#8243;][vc_column_text] ~ ~ PUPILAJE ~ ~ [\/vc_column_text][vc_empty_space][vc_column_text] Cuadras con paddock, ventanas y Pastoreo diario disponible en, en invierno hay potreros de arena disponibles Cuadras solo con techo, si lo desea con pastoreo durante todo el d\u00eda en verano [\/vc_column_text][vc_empty_space][vc_column_text]En nuestras instalaciones de equitaci\u00f3n ofrecemos regularmente alquiler gratuito de paddocks, boxes de ventana o interiores. Ofrecemos pastoreo diario en verano, potreros de arena para hacer ejercicio en invierno y, si se desea y hay capacidad disponible, establos abiertos con pastoreo &hellip; <a href=\"https:\/\/barockundklassik.com\/es\/pupilaje\/\">Continued<\/a><\/p>\n","protected":false},"author":1,"featured_media":0,"parent":0,"menu_order":0,"comment_status":"open","ping_status":"closed","template":"page-fullwidth.php","meta":{"footnotes":""},"class_list":["post-23918","page","type-page","status-publish","hentry"],"_links":{"self":[{"href":"https:\/\/barockundklassik.com\/es\/wp-json\/wp\/v2\/pages\/23918","targetHints":{"allow":["GET"]}}],"collection":[{"href":"https:\/\/barockundklassik.com\/es\/wp-json\/wp\/v2\/pages"}],"about":[{"href":"https:\/\/barockundklassik.com\/es\/wp-json\/wp\/v2\/types\/page"}],"author":[{"embeddable":true,"href":"https:\/\/barockundklassik.com\/es\/wp-json\/wp\/v2\/users\/1"}],"replies":[{"embeddable":true,"href":"https:\/\/barockundklassik.com\/es\/wp-json\/wp\/v2\/comments?post=23918"}],"version-history":[{"count":0,"href":"https:\/\/barockundklassik.com\/es\/wp-json\/wp\/v2\/pages\/23918\/revisions"}],"wp:attachment":[{"href":"https:\/\/barockundklassik.com\/es\/wp-json\/wp\/v2\/media?parent=23918"}],"curies":[{"name":"wp","href":"https:\/\/api.w.org\/{rel}","templated":true}]}}