{"id":28500,"date":"2025-06-03T17:58:59","date_gmt":"2025-06-03T15:58:59","guid":{"rendered":"https:\/\/barockundklassik.com\/produkt\/gatusos-hufglocken\/"},"modified":"2025-08-03T13:56:21","modified_gmt":"2025-08-03T11:56:21","slug":"gatusos-campanas-deluxe-negro","status":"publish","type":"product","link":"https:\/\/barockundklassik.com\/es\/produkt\/gatusos-campanas-deluxe-negro\/","title":{"rendered":"Gatusos Campanas Deluxe negro"},"content":{"rendered":"<p>Gatusos Campanas Deluxe negro est\u00e1n fabricadas con un material \u00fanico, el acetato de vinilo etileno, y se adaptan perfectamente al casco de cualquier caballo. Se fabrican a partir de un \u00fanico molde y ofrecen una protecci\u00f3n \u00f3ptima para el casco gracias al material especial que absorbe los golpes.<\/p>\n<p>Estas botas de campana no resbalan, son suaves y no oprimen. Los robustos cierres de velcro garantizan que las botas de cascos se asienten de forma firme y segura en el casco. Se colocan y retiran de forma r\u00e1pida y sencilla. El material tambi\u00e9n tiene la gran ventaja de que son f\u00e1ciles de lavar y se secan r\u00e1pidamente. Esto las hace perfectas para el uso diario en cualquier clima y temperatura.<\/p>\n<p>El material es extremadamente resistente y duradero, por lo que podr\u00e1 disfrutar de estas botas para cascos durante mucho tiempo.<\/p>\n<p>Estas botas para cascos han sido utilizadas por nosotros durante poco tiempo y nos gustar\u00eda se\u00f1alar que NO son nuevas.<\/p>\n<p>Se\u00f1alamos expresamente un periodo de garant\u00eda reducido de 1 a\u00f1o, ya que se trata de un art\u00edculo usado.<\/p>\n","protected":false},"excerpt":{"rendered":"<p>Gatusos Campanas Delux<\/p>\n","protected":false},"featured_media":28497,"comment_status":"closed","ping_status":"closed","template":"","meta":[],"product_brand":[],"product_cat":[1691],"product_tag":[1728,1727,1692,1693],"class_list":{"0":"post-28500","1":"product","2":"type-product","3":"status-publish","4":"has-post-thumbnail","6":"product_cat-protectores-y-campanas-es","7":"product_tag-campanas-gatusos","8":"product_tag-gatusos-campanas","9":"product_tag-gatusos-hufglocken-es","10":"product_tag-hufglocken-gatusos-es","11":"product_shipping_class-leichte-pakete-es","12":"up-gallery-woo","14":"first","15":"instock","16":"taxable","17":"shipping-taxable","18":"purchasable","19":"product-type-simple"},"_links":{"self":[{"href":"https:\/\/barockundklassik.com\/es\/wp-json\/wp\/v2\/product\/28500","targetHints":{"allow":["GET"]}}],"collection":[{"href":"https:\/\/barockundklassik.com\/es\/wp-json\/wp\/v2\/product"}],"about":[{"href":"https:\/\/barockundklassik.com\/es\/wp-json\/wp\/v2\/types\/product"}],"replies":[{"embeddable":true,"href":"https:\/\/barockundklassik.com\/es\/wp-json\/wp\/v2\/comments?post=28500"}],"wp:featuredmedia":[{"embeddable":true,"href":"https:\/\/barockundklassik.com\/es\/wp-json\/wp\/v2\/media\/28497"}],"wp:attachment":[{"href":"https:\/\/barockundklassik.com\/es\/wp-json\/wp\/v2\/media?parent=28500"}],"wp:term":[{"taxonomy":"product_brand","embeddable":true,"href":"https:\/\/barockundklassik.com\/es\/wp-json\/wp\/v2\/product_brand?post=28500"},{"taxonomy":"product_cat","embeddable":true,"href":"https:\/\/barockundklassik.com\/es\/wp-json\/wp\/v2\/product_cat?post=28500"},{"taxonomy":"product_tag","embeddable":true,"href":"https:\/\/barockundklassik.com\/es\/wp-json\/wp\/v2\/product_tag?post=28500"}],"curies":[{"name":"wp","href":"https:\/\/api.w.org\/{rel}","templated":true}]}}