{"id":28869,"date":"2025-06-13T17:20:49","date_gmt":"2025-06-13T15:20:49","guid":{"rendered":"https:\/\/barockundklassik.com\/produkt\/dressursattel-horsestar\/"},"modified":"2025-06-13T18:47:53","modified_gmt":"2025-06-13T16:47:53","slug":"silla-de-doma-horsestar","status":"publish","type":"product","link":"https:\/\/barockundklassik.com\/es\/produkt\/silla-de-doma-horsestar\/","title":{"rendered":"Silla de Doma Horsestar"},"content":{"rendered":"<p>Esta silla de doma de Horsestar Model Champion ofrece la m\u00e1xima comodidad para el caballo y el jinete. Est\u00e1 equipada con un asiento profundo especial y tiene una cintura estrecha. Tiene paneles franceses cortos y un canal vertebral ancho, que ofrece una libertad \u00f3ptima en la cruz.<\/p>\n<p>&nbsp;<\/p>\n<p>&nbsp;<\/p>\n<p>Tambi\u00e9n est\u00e1 equipado con un panel de lana de l\u00e1tex suave y por lo tanto ofrece una adaptaci\u00f3n suave \u00f3ptima a la espalda del caballo.<\/p>\n<p>&nbsp;<\/p>\n<p>&nbsp;<\/p>\n<p>La anchura del canal es ajustable individualmente y el sistema de placas del canal puede modificarse. La silla tiene un sistema de cincha en V y rodilleras estrechas e intercambiables que proporcionan un contacto excelente con el caballo.<\/p>\n<p>Se\u00f1alamos expresamente un periodo de garant\u00eda reducido de 1 a\u00f1o, ya que se trata de un art\u00edculo usado.<\/p>\n","protected":false},"excerpt":{"rendered":"<p>Silla de Doma Horsestar Champion<\/p>\n","protected":false},"featured_media":28866,"comment_status":"closed","ping_status":"closed","template":"","meta":[],"product_brand":[],"product_cat":[1685],"product_tag":[1706,1707,1708,1711,1709,1710],"class_list":{"0":"post-28869","1":"product","2":"type-product","3":"status-publish","4":"has-post-thumbnail","6":"product_cat-sillas-de-montar-y-equipamiento","7":"product_tag-dressursattel-horsestar-es","8":"product_tag-horsestar-champion-es","9":"product_tag-horsestar-dressur-champion-es","10":"product_tag-horstar-silla-de-doma","11":"product_tag-silla-de-doma-horsestar","12":"product_tag-silla-horsestar-champion","13":"up-gallery-woo","15":"first","16":"instock","17":"sold-individually","18":"taxable","19":"shipping-taxable","20":"purchasable","21":"product-type-simple"},"_links":{"self":[{"href":"https:\/\/barockundklassik.com\/es\/wp-json\/wp\/v2\/product\/28869","targetHints":{"allow":["GET"]}}],"collection":[{"href":"https:\/\/barockundklassik.com\/es\/wp-json\/wp\/v2\/product"}],"about":[{"href":"https:\/\/barockundklassik.com\/es\/wp-json\/wp\/v2\/types\/product"}],"replies":[{"embeddable":true,"href":"https:\/\/barockundklassik.com\/es\/wp-json\/wp\/v2\/comments?post=28869"}],"wp:featuredmedia":[{"embeddable":true,"href":"https:\/\/barockundklassik.com\/es\/wp-json\/wp\/v2\/media\/28866"}],"wp:attachment":[{"href":"https:\/\/barockundklassik.com\/es\/wp-json\/wp\/v2\/media?parent=28869"}],"wp:term":[{"taxonomy":"product_brand","embeddable":true,"href":"https:\/\/barockundklassik.com\/es\/wp-json\/wp\/v2\/product_brand?post=28869"},{"taxonomy":"product_cat","embeddable":true,"href":"https:\/\/barockundklassik.com\/es\/wp-json\/wp\/v2\/product_cat?post=28869"},{"taxonomy":"product_tag","embeddable":true,"href":"https:\/\/barockundklassik.com\/es\/wp-json\/wp\/v2\/product_tag?post=28869"}],"curies":[{"name":"wp","href":"https:\/\/api.w.org\/{rel}","templated":true}]}}