{"id":29894,"date":"2025-08-10T13:16:52","date_gmt":"2025-08-10T11:16:52","guid":{"rendered":"https:\/\/barockundklassik.com\/produkt\/trinkbecher-blau\/"},"modified":"2025-08-10T15:56:28","modified_gmt":"2025-08-10T13:56:28","slug":"vaso-azul","status":"publish","type":"product","link":"https:\/\/barockundklassik.com\/es\/produkt\/vaso-azul\/","title":{"rendered":"Vaso Barrock &#038; Klassik"},"content":{"rendered":"<p><strong>Vaso \u00abBarrock &amp; Klassik\u00bb<\/strong><\/p>\n<p>Demuestra tu pasi\u00f3n por los caballos barrocos y cl\u00e1sicos con nuestro elegante vaso con dise\u00f1o <strong>\u00abBarock &amp; Klassik<\/strong>\u00bb. Ya sea en el establo, en una competici\u00f3n o en casa, este vaso combina funcionalidad y elegancia, y es imprescindible para los aut\u00e9nticos amantes de los caballos.<\/p>\n<p>Vaso de pl\u00e1stico de alta calidad con logotipo impreso.<\/p>\n<p>Capacidad: 0,4 litros.<\/p>\n<p>Apto para lavavajillas.<\/p>\n<p>Ideal como regalo para los amantes de la equitaci\u00f3n y los aficionados a los caballos barrocos.<\/p>\n<p><strong>Un sorbo de estilo.<\/strong> Una declaraci\u00f3n de calidad.<\/p>\n","protected":false},"excerpt":{"rendered":"<p>Vaso azul Barock &amp; Klassik<\/p>\n","protected":false},"featured_media":29892,"comment_status":"closed","ping_status":"closed","template":"","meta":[],"product_brand":[],"product_cat":[1718],"product_tag":[1864,1865,1869,1868],"class_list":{"0":"post-29894","1":"product","2":"type-product","3":"status-publish","4":"has-post-thumbnail","6":"product_cat-otros","7":"product_tag-trinkbecher-barock-klassik-es","8":"product_tag-trinkbecher-blau-es","9":"product_tag-vaso-azul","10":"product_tag-vaso-barock-klassik","11":"product_shipping_class-leichte-pakete-es","12":"up-gallery-woo","14":"first","15":"instock","16":"taxable","17":"shipping-taxable","18":"purchasable","19":"product-type-simple"},"_links":{"self":[{"href":"https:\/\/barockundklassik.com\/es\/wp-json\/wp\/v2\/product\/29894","targetHints":{"allow":["GET"]}}],"collection":[{"href":"https:\/\/barockundklassik.com\/es\/wp-json\/wp\/v2\/product"}],"about":[{"href":"https:\/\/barockundklassik.com\/es\/wp-json\/wp\/v2\/types\/product"}],"replies":[{"embeddable":true,"href":"https:\/\/barockundklassik.com\/es\/wp-json\/wp\/v2\/comments?post=29894"}],"wp:featuredmedia":[{"embeddable":true,"href":"https:\/\/barockundklassik.com\/es\/wp-json\/wp\/v2\/media\/29892"}],"wp:attachment":[{"href":"https:\/\/barockundklassik.com\/es\/wp-json\/wp\/v2\/media?parent=29894"}],"wp:term":[{"taxonomy":"product_brand","embeddable":true,"href":"https:\/\/barockundklassik.com\/es\/wp-json\/wp\/v2\/product_brand?post=29894"},{"taxonomy":"product_cat","embeddable":true,"href":"https:\/\/barockundklassik.com\/es\/wp-json\/wp\/v2\/product_cat?post=29894"},{"taxonomy":"product_tag","embeddable":true,"href":"https:\/\/barockundklassik.com\/es\/wp-json\/wp\/v2\/product_tag?post=29894"}],"curies":[{"name":"wp","href":"https:\/\/api.w.org\/{rel}","templated":true}]}}